{"id":774,"date":"2020-09-09T04:47:58","date_gmt":"2020-09-09T04:47:58","guid":{"rendered":"https:\/\/intoaction.eu\/celine-brillet\/"},"modified":"2021-09-10T02:31:43","modified_gmt":"2021-09-10T02:31:43","slug":"celine-brillet","status":"publish","type":"page","link":"https:\/\/intoaction.eu\/fr\/celine-brillet\/","title":{"rendered":"Celine Brillet"},"content":{"rendered":"<h2>C\u00e9line Brillet, <a href=\"https:\/\/www.credly.com\/badges\/d7266f7b-303f-4818-8dee-9bdbb2039fca\/public_url\">Master Certified Coach<\/a><\/h2>\n<p><a href=\"https:\/\/www.credly.com\/badges\/d7266f7b-303f-4818-8dee-9bdbb2039fca\/public_url\"><img loading=\"lazy\" decoding=\"async\" class=\"alignnone wp-image-1479 \" src=\"https:\/\/intoaction.eu\/wp-content\/uploads\/2021\/09\/CredentialBadges_MCC_Grey.png\" alt=\"\" width=\"177\" height=\"120\" srcset=\"https:\/\/intoaction.eu\/wp-content\/uploads\/2021\/09\/CredentialBadges_MCC_Grey.png 377w, https:\/\/intoaction.eu\/wp-content\/uploads\/2021\/09\/CredentialBadges_MCC_Grey-300x204.png 300w\" sizes=\"auto, (max-width: 177px) 100vw, 177px\" \/><\/a><\/p>\n<p>Gr\u00e2ce \u00e0 l\u2019\u00e9coute, l\u2019\u00e9change et ma capacit\u00e9 \u00e0 les challenger, j\u2019aide mes clients \u00e0 atteindre des r\u00e9sultats au-del\u00e0 de leurs esp\u00e9rances, en les rendant plus conscients, en \u00e9liminant leurs blocages et en les reconnectant \u00e0 leurs convictions et motivations profondes.<\/p>\n<p>J\u2019ai le privil\u00e8ge de coacher des cadres dirigeants, des membres du COMEX, de CODI, des managers et des \u00e9quipes de 5 \u00e0 200 personnes au sein d\u2019entreprises familiales aussi bien que de multinationales issues de multiples secteurs (Assurance, T\u00e9l\u00e9com, Retail, Banque, Automobile, Horlogerie, Pharma).<\/p>\n","protected":false},"excerpt":{"rendered":"<p>C\u00e9line Brillet, Master Certified Coach Gr\u00e2ce \u00e0 l\u2019\u00e9coute, l\u2019\u00e9change et ma capacit\u00e9 \u00e0 les challenger, j\u2019aide mes clients \u00e0 atteindre des r\u00e9sultats au-del\u00e0 de leurs esp\u00e9rances, en les rendant plus conscients, en \u00e9liminant leurs blocages\u2026<\/p>\n","protected":false},"author":2,"featured_media":0,"parent":0,"menu_order":0,"comment_status":"closed","ping_status":"closed","template":"pge-cb.php","meta":{"_acf_changed":false,"footnotes":""},"class_list":["post-774","page","type-page","status-publish","hentry"],"acf":[],"yoast_head":"<!-- This site is optimized with the Yoast SEO plugin v21.8.1 - https:\/\/yoast.com\/wordpress\/plugins\/seo\/ -->\n<title>Celine Brillet - Intoaction<\/title>\n<meta name=\"robots\" content=\"index, follow, max-snippet:-1, max-image-preview:large, max-video-preview:-1\" \/>\n<link rel=\"canonical\" href=\"https:\/\/intoaction.eu\/fr\/celine-brillet\/\" \/>\n<meta property=\"og:locale\" content=\"fr_FR\" \/>\n<meta property=\"og:type\" content=\"article\" \/>\n<meta property=\"og:title\" content=\"Celine Brillet - Intoaction\" \/>\n<meta property=\"og:description\" content=\"C\u00e9line Brillet, Master Certified Coach Gr\u00e2ce \u00e0 l\u2019\u00e9coute, l\u2019\u00e9change et ma capacit\u00e9 \u00e0 les challenger, j\u2019aide mes clients \u00e0 atteindre des r\u00e9sultats au-del\u00e0 de leurs esp\u00e9rances, en les rendant plus conscients, en \u00e9liminant leurs blocages\u2026\" \/>\n<meta property=\"og:url\" content=\"https:\/\/intoaction.eu\/fr\/celine-brillet\/\" \/>\n<meta property=\"og:site_name\" content=\"Intoaction\" \/>\n<meta property=\"article:publisher\" content=\"https:\/\/www.facebook.com\/Intoaction-109437140878220\" \/>\n<meta property=\"article:modified_time\" content=\"2021-09-10T02:31:43+00:00\" \/>\n<meta property=\"og:image\" content=\"https:\/\/intoaction.eu\/wp-content\/uploads\/2021\/09\/CredentialBadges_MCC_Grey.png\" \/>\n<meta name=\"twitter:card\" content=\"summary_large_image\" \/>\n<script type=\"application\/ld+json\" class=\"yoast-schema-graph\">{\"@context\":\"https:\/\/schema.org\",\"@graph\":[{\"@type\":\"WebPage\",\"@id\":\"https:\/\/intoaction.eu\/fr\/celine-brillet\/\",\"url\":\"https:\/\/intoaction.eu\/fr\/celine-brillet\/\",\"name\":\"Celine Brillet - Intoaction\",\"isPartOf\":{\"@id\":\"https:\/\/intoaction.eu\/#website\"},\"datePublished\":\"2020-09-09T04:47:58+00:00\",\"dateModified\":\"2021-09-10T02:31:43+00:00\",\"breadcrumb\":{\"@id\":\"https:\/\/intoaction.eu\/fr\/celine-brillet\/#breadcrumb\"},\"inLanguage\":\"fr-FR\",\"potentialAction\":[{\"@type\":\"ReadAction\",\"target\":[\"https:\/\/intoaction.eu\/fr\/celine-brillet\/\"]}]},{\"@type\":\"BreadcrumbList\",\"@id\":\"https:\/\/intoaction.eu\/fr\/celine-brillet\/#breadcrumb\",\"itemListElement\":[{\"@type\":\"ListItem\",\"position\":1,\"name\":\"Home\",\"item\":\"https:\/\/intoaction.eu\/fr\/\"},{\"@type\":\"ListItem\",\"position\":2,\"name\":\"Celine Brillet\"}]},{\"@type\":\"WebSite\",\"@id\":\"https:\/\/intoaction.eu\/#website\",\"url\":\"https:\/\/intoaction.eu\/\",\"name\":\"Intoaction\",\"description\":\"leadership and team coaching\",\"publisher\":{\"@id\":\"https:\/\/intoaction.eu\/#organization\"},\"potentialAction\":[{\"@type\":\"SearchAction\",\"target\":{\"@type\":\"EntryPoint\",\"urlTemplate\":\"https:\/\/intoaction.eu\/?s={search_term_string}\"},\"query-input\":\"required name=search_term_string\"}],\"inLanguage\":\"fr-FR\"},{\"@type\":\"Organization\",\"@id\":\"https:\/\/intoaction.eu\/#organization\",\"name\":\"Intoaction\",\"url\":\"https:\/\/intoaction.eu\/\",\"logo\":{\"@type\":\"ImageObject\",\"inLanguage\":\"fr-FR\",\"@id\":\"https:\/\/intoaction.eu\/#\/schema\/logo\/image\/\",\"url\":\"https:\/\/intoaction.eu\/wp-content\/uploads\/2020\/05\/IntoAction_symbol_fullcolor_HI-RES@2x.png\",\"contentUrl\":\"https:\/\/intoaction.eu\/wp-content\/uploads\/2020\/05\/IntoAction_symbol_fullcolor_HI-RES@2x.png\",\"width\":496,\"height\":272,\"caption\":\"Intoaction\"},\"image\":{\"@id\":\"https:\/\/intoaction.eu\/#\/schema\/logo\/image\/\"},\"sameAs\":[\"https:\/\/www.facebook.com\/Intoaction-109437140878220\",\"https:\/\/www.linkedin.com\/in\/c\u00e9line-brillet-68192\/\"]}]}<\/script>\n<!-- \/ Yoast SEO plugin. -->","yoast_head_json":{"title":"Celine Brillet - Intoaction","robots":{"index":"index","follow":"follow","max-snippet":"max-snippet:-1","max-image-preview":"max-image-preview:large","max-video-preview":"max-video-preview:-1"},"canonical":"https:\/\/intoaction.eu\/fr\/celine-brillet\/","og_locale":"fr_FR","og_type":"article","og_title":"Celine Brillet - Intoaction","og_description":"C\u00e9line Brillet, Master Certified Coach Gr\u00e2ce \u00e0 l\u2019\u00e9coute, l\u2019\u00e9change et ma capacit\u00e9 \u00e0 les challenger, j\u2019aide mes clients \u00e0 atteindre des r\u00e9sultats au-del\u00e0 de leurs esp\u00e9rances, en les rendant plus conscients, en \u00e9liminant leurs blocages\u2026","og_url":"https:\/\/intoaction.eu\/fr\/celine-brillet\/","og_site_name":"Intoaction","article_publisher":"https:\/\/www.facebook.com\/Intoaction-109437140878220","article_modified_time":"2021-09-10T02:31:43+00:00","og_image":[{"url":"https:\/\/intoaction.eu\/wp-content\/uploads\/2021\/09\/CredentialBadges_MCC_Grey.png"}],"twitter_card":"summary_large_image","schema":{"@context":"https:\/\/schema.org","@graph":[{"@type":"WebPage","@id":"https:\/\/intoaction.eu\/fr\/celine-brillet\/","url":"https:\/\/intoaction.eu\/fr\/celine-brillet\/","name":"Celine Brillet - Intoaction","isPartOf":{"@id":"https:\/\/intoaction.eu\/#website"},"datePublished":"2020-09-09T04:47:58+00:00","dateModified":"2021-09-10T02:31:43+00:00","breadcrumb":{"@id":"https:\/\/intoaction.eu\/fr\/celine-brillet\/#breadcrumb"},"inLanguage":"fr-FR","potentialAction":[{"@type":"ReadAction","target":["https:\/\/intoaction.eu\/fr\/celine-brillet\/"]}]},{"@type":"BreadcrumbList","@id":"https:\/\/intoaction.eu\/fr\/celine-brillet\/#breadcrumb","itemListElement":[{"@type":"ListItem","position":1,"name":"Home","item":"https:\/\/intoaction.eu\/fr\/"},{"@type":"ListItem","position":2,"name":"Celine Brillet"}]},{"@type":"WebSite","@id":"https:\/\/intoaction.eu\/#website","url":"https:\/\/intoaction.eu\/","name":"Intoaction","description":"leadership and team coaching","publisher":{"@id":"https:\/\/intoaction.eu\/#organization"},"potentialAction":[{"@type":"SearchAction","target":{"@type":"EntryPoint","urlTemplate":"https:\/\/intoaction.eu\/?s={search_term_string}"},"query-input":"required name=search_term_string"}],"inLanguage":"fr-FR"},{"@type":"Organization","@id":"https:\/\/intoaction.eu\/#organization","name":"Intoaction","url":"https:\/\/intoaction.eu\/","logo":{"@type":"ImageObject","inLanguage":"fr-FR","@id":"https:\/\/intoaction.eu\/#\/schema\/logo\/image\/","url":"https:\/\/intoaction.eu\/wp-content\/uploads\/2020\/05\/IntoAction_symbol_fullcolor_HI-RES@2x.png","contentUrl":"https:\/\/intoaction.eu\/wp-content\/uploads\/2020\/05\/IntoAction_symbol_fullcolor_HI-RES@2x.png","width":496,"height":272,"caption":"Intoaction"},"image":{"@id":"https:\/\/intoaction.eu\/#\/schema\/logo\/image\/"},"sameAs":["https:\/\/www.facebook.com\/Intoaction-109437140878220","https:\/\/www.linkedin.com\/in\/c\u00e9line-brillet-68192\/"]}]}},"_links":{"self":[{"href":"https:\/\/intoaction.eu\/fr\/wp-json\/wp\/v2\/pages\/774","targetHints":{"allow":["GET"]}}],"collection":[{"href":"https:\/\/intoaction.eu\/fr\/wp-json\/wp\/v2\/pages"}],"about":[{"href":"https:\/\/intoaction.eu\/fr\/wp-json\/wp\/v2\/types\/page"}],"author":[{"embeddable":true,"href":"https:\/\/intoaction.eu\/fr\/wp-json\/wp\/v2\/users\/2"}],"replies":[{"embeddable":true,"href":"https:\/\/intoaction.eu\/fr\/wp-json\/wp\/v2\/comments?post=774"}],"version-history":[{"count":5,"href":"https:\/\/intoaction.eu\/fr\/wp-json\/wp\/v2\/pages\/774\/revisions"}],"predecessor-version":[{"id":1482,"href":"https:\/\/intoaction.eu\/fr\/wp-json\/wp\/v2\/pages\/774\/revisions\/1482"}],"wp:attachment":[{"href":"https:\/\/intoaction.eu\/fr\/wp-json\/wp\/v2\/media?parent=774"}],"curies":[{"name":"wp","href":"https:\/\/api.w.org\/{rel}","templated":true}]}}