{"id":777,"date":"2020-06-24T08:06:30","date_gmt":"2020-06-24T08:06:30","guid":{"rendered":"https:\/\/intoaction.eu\/virtual-solutions\/"},"modified":"2021-07-07T14:37:17","modified_gmt":"2021-07-07T14:37:17","slug":"coaching-a-distance","status":"publish","type":"page","link":"https:\/\/intoaction.eu\/fr\/coaching-a-distance\/","title":{"rendered":"Coaching \u00e0 distance"},"content":{"rendered":"<p>L\u2019incertitude et la complexit\u00e9 sont synonymes d\u2019opportunit\u00e9s pour op\u00e9rer des transformations majeures. Chez intoaction, nous utilisons internet pour nos coachings depuis nos d\u00e9buts. Cependant, le Printemps 2020 a \u00e9t\u00e9 l\u2019occasion pour nous de proposer de nouvelles offres pour r\u00e9pondre au mieux aux besoins de nos clients internationaux et les aider \u00e0 mieux vivre cette p\u00e9riode de grands bouleversements.<\/p>\n<p>Nous avons fait en sorte de bien comprendre les besoins \u00e9mergeants de nos clients afin de d\u00e9velopper des solutions ad\u00e9quates destin\u00e9es \u00e0 les aider \u00e0 redevenir confiants malgr\u00e9 l\u2019environnement incertain et changeant.<\/p>\n<h2 class=\"mb-50\">Ce que nous vous apportons:<\/h2>\n","protected":false},"excerpt":{"rendered":"<p>L\u2019incertitude et la complexit\u00e9 sont synonymes d\u2019opportunit\u00e9s pour op\u00e9rer des transformations majeures. Chez intoaction, nous utilisons internet pour nos coachings depuis nos d\u00e9buts. Cependant, le Printemps 2020 a \u00e9t\u00e9 l\u2019occasion pour nous de proposer de\u2026<\/p>\n","protected":false},"author":2,"featured_media":779,"parent":0,"menu_order":0,"comment_status":"closed","ping_status":"closed","template":"pge-leadership.php","meta":{"_acf_changed":false,"footnotes":""},"class_list":["post-777","page","type-page","status-publish","has-post-thumbnail","hentry"],"acf":[],"yoast_head":"<!-- This site is optimized with the Yoast SEO plugin v21.8.1 - https:\/\/yoast.com\/wordpress\/plugins\/seo\/ -->\n<title>Coaching \u00e0 distance - Intoaction<\/title>\n<meta name=\"robots\" content=\"index, follow, max-snippet:-1, max-image-preview:large, max-video-preview:-1\" \/>\n<link rel=\"canonical\" href=\"https:\/\/intoaction.eu\/fr\/coaching-a-distance\/\" \/>\n<meta property=\"og:locale\" content=\"fr_FR\" \/>\n<meta property=\"og:type\" content=\"article\" \/>\n<meta property=\"og:title\" content=\"Coaching \u00e0 distance - Intoaction\" \/>\n<meta property=\"og:description\" content=\"L\u2019incertitude et la complexit\u00e9 sont synonymes d\u2019opportunit\u00e9s pour op\u00e9rer des transformations majeures. Chez intoaction, nous utilisons internet pour nos coachings depuis nos d\u00e9buts. Cependant, le Printemps 2020 a \u00e9t\u00e9 l\u2019occasion pour nous de proposer de\u2026\" \/>\n<meta property=\"og:url\" content=\"https:\/\/intoaction.eu\/fr\/coaching-a-distance\/\" \/>\n<meta property=\"og:site_name\" content=\"Intoaction\" \/>\n<meta property=\"article:publisher\" content=\"https:\/\/www.facebook.com\/Intoaction-109437140878220\" \/>\n<meta property=\"article:modified_time\" content=\"2021-07-07T14:37:17+00:00\" \/>\n<meta property=\"og:image\" content=\"https:\/\/intoaction.eu\/wp-content\/uploads\/2020\/07\/home-office-2.png\" \/>\n\t<meta property=\"og:image:width\" content=\"528\" \/>\n\t<meta property=\"og:image:height\" content=\"674\" \/>\n\t<meta property=\"og:image:type\" content=\"image\/png\" \/>\n<meta name=\"twitter:card\" content=\"summary_large_image\" \/>\n<meta name=\"twitter:label1\" content=\"Dur\u00e9e de lecture estim\u00e9e\" \/>\n\t<meta name=\"twitter:data1\" content=\"1 minute\" \/>\n<script type=\"application\/ld+json\" class=\"yoast-schema-graph\">{\"@context\":\"https:\/\/schema.org\",\"@graph\":[{\"@type\":\"WebPage\",\"@id\":\"https:\/\/intoaction.eu\/fr\/coaching-a-distance\/\",\"url\":\"https:\/\/intoaction.eu\/fr\/coaching-a-distance\/\",\"name\":\"Coaching \u00e0 distance - Intoaction\",\"isPartOf\":{\"@id\":\"https:\/\/intoaction.eu\/#website\"},\"datePublished\":\"2020-06-24T08:06:30+00:00\",\"dateModified\":\"2021-07-07T14:37:17+00:00\",\"breadcrumb\":{\"@id\":\"https:\/\/intoaction.eu\/fr\/coaching-a-distance\/#breadcrumb\"},\"inLanguage\":\"fr-FR\",\"potentialAction\":[{\"@type\":\"ReadAction\",\"target\":[\"https:\/\/intoaction.eu\/fr\/coaching-a-distance\/\"]}]},{\"@type\":\"BreadcrumbList\",\"@id\":\"https:\/\/intoaction.eu\/fr\/coaching-a-distance\/#breadcrumb\",\"itemListElement\":[{\"@type\":\"ListItem\",\"position\":1,\"name\":\"Home\",\"item\":\"https:\/\/intoaction.eu\/fr\/\"},{\"@type\":\"ListItem\",\"position\":2,\"name\":\"Coaching \u00e0 distance\"}]},{\"@type\":\"WebSite\",\"@id\":\"https:\/\/intoaction.eu\/#website\",\"url\":\"https:\/\/intoaction.eu\/\",\"name\":\"Intoaction\",\"description\":\"leadership and team coaching\",\"publisher\":{\"@id\":\"https:\/\/intoaction.eu\/#organization\"},\"potentialAction\":[{\"@type\":\"SearchAction\",\"target\":{\"@type\":\"EntryPoint\",\"urlTemplate\":\"https:\/\/intoaction.eu\/?s={search_term_string}\"},\"query-input\":\"required name=search_term_string\"}],\"inLanguage\":\"fr-FR\"},{\"@type\":\"Organization\",\"@id\":\"https:\/\/intoaction.eu\/#organization\",\"name\":\"Intoaction\",\"url\":\"https:\/\/intoaction.eu\/\",\"logo\":{\"@type\":\"ImageObject\",\"inLanguage\":\"fr-FR\",\"@id\":\"https:\/\/intoaction.eu\/#\/schema\/logo\/image\/\",\"url\":\"https:\/\/intoaction.eu\/wp-content\/uploads\/2020\/05\/IntoAction_symbol_fullcolor_HI-RES@2x.png\",\"contentUrl\":\"https:\/\/intoaction.eu\/wp-content\/uploads\/2020\/05\/IntoAction_symbol_fullcolor_HI-RES@2x.png\",\"width\":496,\"height\":272,\"caption\":\"Intoaction\"},\"image\":{\"@id\":\"https:\/\/intoaction.eu\/#\/schema\/logo\/image\/\"},\"sameAs\":[\"https:\/\/www.facebook.com\/Intoaction-109437140878220\",\"https:\/\/www.linkedin.com\/in\/c\u00e9line-brillet-68192\/\"]}]}<\/script>\n<!-- \/ Yoast SEO plugin. -->","yoast_head_json":{"title":"Coaching \u00e0 distance - Intoaction","robots":{"index":"index","follow":"follow","max-snippet":"max-snippet:-1","max-image-preview":"max-image-preview:large","max-video-preview":"max-video-preview:-1"},"canonical":"https:\/\/intoaction.eu\/fr\/coaching-a-distance\/","og_locale":"fr_FR","og_type":"article","og_title":"Coaching \u00e0 distance - Intoaction","og_description":"L\u2019incertitude et la complexit\u00e9 sont synonymes d\u2019opportunit\u00e9s pour op\u00e9rer des transformations majeures. Chez intoaction, nous utilisons internet pour nos coachings depuis nos d\u00e9buts. Cependant, le Printemps 2020 a \u00e9t\u00e9 l\u2019occasion pour nous de proposer de\u2026","og_url":"https:\/\/intoaction.eu\/fr\/coaching-a-distance\/","og_site_name":"Intoaction","article_publisher":"https:\/\/www.facebook.com\/Intoaction-109437140878220","article_modified_time":"2021-07-07T14:37:17+00:00","og_image":[{"width":528,"height":674,"url":"https:\/\/intoaction.eu\/wp-content\/uploads\/2020\/07\/home-office-2.png","type":"image\/png"}],"twitter_card":"summary_large_image","twitter_misc":{"Dur\u00e9e de lecture estim\u00e9e":"1 minute"},"schema":{"@context":"https:\/\/schema.org","@graph":[{"@type":"WebPage","@id":"https:\/\/intoaction.eu\/fr\/coaching-a-distance\/","url":"https:\/\/intoaction.eu\/fr\/coaching-a-distance\/","name":"Coaching \u00e0 distance - Intoaction","isPartOf":{"@id":"https:\/\/intoaction.eu\/#website"},"datePublished":"2020-06-24T08:06:30+00:00","dateModified":"2021-07-07T14:37:17+00:00","breadcrumb":{"@id":"https:\/\/intoaction.eu\/fr\/coaching-a-distance\/#breadcrumb"},"inLanguage":"fr-FR","potentialAction":[{"@type":"ReadAction","target":["https:\/\/intoaction.eu\/fr\/coaching-a-distance\/"]}]},{"@type":"BreadcrumbList","@id":"https:\/\/intoaction.eu\/fr\/coaching-a-distance\/#breadcrumb","itemListElement":[{"@type":"ListItem","position":1,"name":"Home","item":"https:\/\/intoaction.eu\/fr\/"},{"@type":"ListItem","position":2,"name":"Coaching \u00e0 distance"}]},{"@type":"WebSite","@id":"https:\/\/intoaction.eu\/#website","url":"https:\/\/intoaction.eu\/","name":"Intoaction","description":"leadership and team coaching","publisher":{"@id":"https:\/\/intoaction.eu\/#organization"},"potentialAction":[{"@type":"SearchAction","target":{"@type":"EntryPoint","urlTemplate":"https:\/\/intoaction.eu\/?s={search_term_string}"},"query-input":"required name=search_term_string"}],"inLanguage":"fr-FR"},{"@type":"Organization","@id":"https:\/\/intoaction.eu\/#organization","name":"Intoaction","url":"https:\/\/intoaction.eu\/","logo":{"@type":"ImageObject","inLanguage":"fr-FR","@id":"https:\/\/intoaction.eu\/#\/schema\/logo\/image\/","url":"https:\/\/intoaction.eu\/wp-content\/uploads\/2020\/05\/IntoAction_symbol_fullcolor_HI-RES@2x.png","contentUrl":"https:\/\/intoaction.eu\/wp-content\/uploads\/2020\/05\/IntoAction_symbol_fullcolor_HI-RES@2x.png","width":496,"height":272,"caption":"Intoaction"},"image":{"@id":"https:\/\/intoaction.eu\/#\/schema\/logo\/image\/"},"sameAs":["https:\/\/www.facebook.com\/Intoaction-109437140878220","https:\/\/www.linkedin.com\/in\/c\u00e9line-brillet-68192\/"]}]}},"_links":{"self":[{"href":"https:\/\/intoaction.eu\/fr\/wp-json\/wp\/v2\/pages\/777","targetHints":{"allow":["GET"]}}],"collection":[{"href":"https:\/\/intoaction.eu\/fr\/wp-json\/wp\/v2\/pages"}],"about":[{"href":"https:\/\/intoaction.eu\/fr\/wp-json\/wp\/v2\/types\/page"}],"author":[{"embeddable":true,"href":"https:\/\/intoaction.eu\/fr\/wp-json\/wp\/v2\/users\/2"}],"replies":[{"embeddable":true,"href":"https:\/\/intoaction.eu\/fr\/wp-json\/wp\/v2\/comments?post=777"}],"version-history":[{"count":5,"href":"https:\/\/intoaction.eu\/fr\/wp-json\/wp\/v2\/pages\/777\/revisions"}],"predecessor-version":[{"id":1446,"href":"https:\/\/intoaction.eu\/fr\/wp-json\/wp\/v2\/pages\/777\/revisions\/1446"}],"wp:featuredmedia":[{"embeddable":true,"href":"https:\/\/intoaction.eu\/fr\/wp-json\/wp\/v2\/media\/779"}],"wp:attachment":[{"href":"https:\/\/intoaction.eu\/fr\/wp-json\/wp\/v2\/media?parent=777"}],"curies":[{"name":"wp","href":"https:\/\/api.w.org\/{rel}","templated":true}]}}