{"id":784,"date":"2020-05-25T10:39:41","date_gmt":"2020-05-25T10:39:41","guid":{"rendered":"https:\/\/intoaction.eu\/team-coaching\/"},"modified":"2021-07-07T14:35:06","modified_gmt":"2021-07-07T14:35:06","slug":"coaching-dequipe","status":"publish","type":"page","link":"https:\/\/intoaction.eu\/fr\/coaching-dequipe\/","title":{"rendered":"Coaching d&rsquo;\u00e9quipe"},"content":{"rendered":"<p>Dans un tel environnement, le travail en \u00e9quipe est crucial si l\u2019entreprise souhaite tirer son \u00e9pingle du jeu et r\u00e9ussir. Et pourtant, faire collaborer les individus efficacement est g\u00e9n\u00e9ralement ce que les entreprises ont le plus de mal \u00e0 obtenir.<\/p>\n<p>C\u2019est pourquoi, depuis 2008, intoaction s\u2019est donn\u00e9 pour mission d\u2019exp\u00e9rimenter et d\u2019apprendre sans rel\u00e2che afin de proposer les meilleurs outils et moyens pour aider les \u00e9quipes \u00e0 mieux travailler ensemble et \u00e0 performer. Nous intervenons aussi bien en pr\u00e9sentiel qu\u2019en ligne. Nous avons d\u00e9velopp\u00e9 une approche sur-mesure de coaching d\u2019\u00e9quipe afin de mettre en lumi\u00e8re les talents individuels et de les rallier \u00e0 l\u2019\u00e9quipe, d\u2019adresser les conflits et les non-dits pour permettre des r\u00e9sultats exceptionnels et durables.<\/p>\n<p>&nbsp;<\/p>\n<h2 class=\"mb-50\">Ce que nous apportons \u00e0 votre \u00e9quipe:<\/h2>\n","protected":false},"excerpt":{"rendered":"<p>Dans un tel environnement, le travail en \u00e9quipe est crucial si l\u2019entreprise souhaite tirer son \u00e9pingle du jeu et r\u00e9ussir. Et pourtant, faire collaborer les individus efficacement est g\u00e9n\u00e9ralement ce que les entreprises ont le\u2026<\/p>\n","protected":false},"author":2,"featured_media":786,"parent":0,"menu_order":0,"comment_status":"closed","ping_status":"closed","template":"pge-leadership.php","meta":{"_acf_changed":false,"footnotes":""},"class_list":["post-784","page","type-page","status-publish","has-post-thumbnail","hentry"],"acf":[],"yoast_head":"<!-- This site is optimized with the Yoast SEO plugin v21.8.1 - https:\/\/yoast.com\/wordpress\/plugins\/seo\/ -->\n<title>Coaching d&#039;\u00e9quipe - Intoaction<\/title>\n<meta name=\"robots\" content=\"index, follow, max-snippet:-1, max-image-preview:large, max-video-preview:-1\" \/>\n<link rel=\"canonical\" href=\"https:\/\/intoaction.eu\/fr\/coaching-dequipe\/\" \/>\n<meta property=\"og:locale\" content=\"fr_FR\" \/>\n<meta property=\"og:type\" content=\"article\" \/>\n<meta property=\"og:title\" content=\"Coaching d&#039;\u00e9quipe - Intoaction\" \/>\n<meta property=\"og:description\" content=\"Dans un tel environnement, le travail en \u00e9quipe est crucial si l\u2019entreprise souhaite tirer son \u00e9pingle du jeu et r\u00e9ussir. Et pourtant, faire collaborer les individus efficacement est g\u00e9n\u00e9ralement ce que les entreprises ont le\u2026\" \/>\n<meta property=\"og:url\" content=\"https:\/\/intoaction.eu\/fr\/coaching-dequipe\/\" \/>\n<meta property=\"og:site_name\" content=\"Intoaction\" \/>\n<meta property=\"article:publisher\" content=\"https:\/\/www.facebook.com\/Intoaction-109437140878220\" \/>\n<meta property=\"article:modified_time\" content=\"2021-07-07T14:35:06+00:00\" \/>\n<meta property=\"og:image\" content=\"https:\/\/intoaction.eu\/wp-content\/uploads\/2020\/05\/planes.jpg\" \/>\n\t<meta property=\"og:image:width\" content=\"850\" \/>\n\t<meta property=\"og:image:height\" content=\"1080\" \/>\n\t<meta property=\"og:image:type\" content=\"image\/jpeg\" \/>\n<meta name=\"twitter:card\" content=\"summary_large_image\" \/>\n<meta name=\"twitter:label1\" content=\"Dur\u00e9e de lecture estim\u00e9e\" \/>\n\t<meta name=\"twitter:data1\" content=\"1 minute\" \/>\n<script type=\"application\/ld+json\" class=\"yoast-schema-graph\">{\"@context\":\"https:\/\/schema.org\",\"@graph\":[{\"@type\":\"WebPage\",\"@id\":\"https:\/\/intoaction.eu\/fr\/coaching-dequipe\/\",\"url\":\"https:\/\/intoaction.eu\/fr\/coaching-dequipe\/\",\"name\":\"Coaching d'\u00e9quipe - Intoaction\",\"isPartOf\":{\"@id\":\"https:\/\/intoaction.eu\/#website\"},\"datePublished\":\"2020-05-25T10:39:41+00:00\",\"dateModified\":\"2021-07-07T14:35:06+00:00\",\"breadcrumb\":{\"@id\":\"https:\/\/intoaction.eu\/fr\/coaching-dequipe\/#breadcrumb\"},\"inLanguage\":\"fr-FR\",\"potentialAction\":[{\"@type\":\"ReadAction\",\"target\":[\"https:\/\/intoaction.eu\/fr\/coaching-dequipe\/\"]}]},{\"@type\":\"BreadcrumbList\",\"@id\":\"https:\/\/intoaction.eu\/fr\/coaching-dequipe\/#breadcrumb\",\"itemListElement\":[{\"@type\":\"ListItem\",\"position\":1,\"name\":\"Home\",\"item\":\"https:\/\/intoaction.eu\/fr\/\"},{\"@type\":\"ListItem\",\"position\":2,\"name\":\"Coaching d&rsquo;\u00e9quipe\"}]},{\"@type\":\"WebSite\",\"@id\":\"https:\/\/intoaction.eu\/#website\",\"url\":\"https:\/\/intoaction.eu\/\",\"name\":\"Intoaction\",\"description\":\"leadership and team coaching\",\"publisher\":{\"@id\":\"https:\/\/intoaction.eu\/#organization\"},\"potentialAction\":[{\"@type\":\"SearchAction\",\"target\":{\"@type\":\"EntryPoint\",\"urlTemplate\":\"https:\/\/intoaction.eu\/?s={search_term_string}\"},\"query-input\":\"required name=search_term_string\"}],\"inLanguage\":\"fr-FR\"},{\"@type\":\"Organization\",\"@id\":\"https:\/\/intoaction.eu\/#organization\",\"name\":\"Intoaction\",\"url\":\"https:\/\/intoaction.eu\/\",\"logo\":{\"@type\":\"ImageObject\",\"inLanguage\":\"fr-FR\",\"@id\":\"https:\/\/intoaction.eu\/#\/schema\/logo\/image\/\",\"url\":\"https:\/\/intoaction.eu\/wp-content\/uploads\/2020\/05\/IntoAction_symbol_fullcolor_HI-RES@2x.png\",\"contentUrl\":\"https:\/\/intoaction.eu\/wp-content\/uploads\/2020\/05\/IntoAction_symbol_fullcolor_HI-RES@2x.png\",\"width\":496,\"height\":272,\"caption\":\"Intoaction\"},\"image\":{\"@id\":\"https:\/\/intoaction.eu\/#\/schema\/logo\/image\/\"},\"sameAs\":[\"https:\/\/www.facebook.com\/Intoaction-109437140878220\",\"https:\/\/www.linkedin.com\/in\/c\u00e9line-brillet-68192\/\"]}]}<\/script>\n<!-- \/ Yoast SEO plugin. -->","yoast_head_json":{"title":"Coaching d'\u00e9quipe - Intoaction","robots":{"index":"index","follow":"follow","max-snippet":"max-snippet:-1","max-image-preview":"max-image-preview:large","max-video-preview":"max-video-preview:-1"},"canonical":"https:\/\/intoaction.eu\/fr\/coaching-dequipe\/","og_locale":"fr_FR","og_type":"article","og_title":"Coaching d'\u00e9quipe - Intoaction","og_description":"Dans un tel environnement, le travail en \u00e9quipe est crucial si l\u2019entreprise souhaite tirer son \u00e9pingle du jeu et r\u00e9ussir. Et pourtant, faire collaborer les individus efficacement est g\u00e9n\u00e9ralement ce que les entreprises ont le\u2026","og_url":"https:\/\/intoaction.eu\/fr\/coaching-dequipe\/","og_site_name":"Intoaction","article_publisher":"https:\/\/www.facebook.com\/Intoaction-109437140878220","article_modified_time":"2021-07-07T14:35:06+00:00","og_image":[{"width":850,"height":1080,"url":"https:\/\/intoaction.eu\/wp-content\/uploads\/2020\/05\/planes.jpg","type":"image\/jpeg"}],"twitter_card":"summary_large_image","twitter_misc":{"Dur\u00e9e de lecture estim\u00e9e":"1 minute"},"schema":{"@context":"https:\/\/schema.org","@graph":[{"@type":"WebPage","@id":"https:\/\/intoaction.eu\/fr\/coaching-dequipe\/","url":"https:\/\/intoaction.eu\/fr\/coaching-dequipe\/","name":"Coaching d'\u00e9quipe - Intoaction","isPartOf":{"@id":"https:\/\/intoaction.eu\/#website"},"datePublished":"2020-05-25T10:39:41+00:00","dateModified":"2021-07-07T14:35:06+00:00","breadcrumb":{"@id":"https:\/\/intoaction.eu\/fr\/coaching-dequipe\/#breadcrumb"},"inLanguage":"fr-FR","potentialAction":[{"@type":"ReadAction","target":["https:\/\/intoaction.eu\/fr\/coaching-dequipe\/"]}]},{"@type":"BreadcrumbList","@id":"https:\/\/intoaction.eu\/fr\/coaching-dequipe\/#breadcrumb","itemListElement":[{"@type":"ListItem","position":1,"name":"Home","item":"https:\/\/intoaction.eu\/fr\/"},{"@type":"ListItem","position":2,"name":"Coaching d&rsquo;\u00e9quipe"}]},{"@type":"WebSite","@id":"https:\/\/intoaction.eu\/#website","url":"https:\/\/intoaction.eu\/","name":"Intoaction","description":"leadership and team coaching","publisher":{"@id":"https:\/\/intoaction.eu\/#organization"},"potentialAction":[{"@type":"SearchAction","target":{"@type":"EntryPoint","urlTemplate":"https:\/\/intoaction.eu\/?s={search_term_string}"},"query-input":"required name=search_term_string"}],"inLanguage":"fr-FR"},{"@type":"Organization","@id":"https:\/\/intoaction.eu\/#organization","name":"Intoaction","url":"https:\/\/intoaction.eu\/","logo":{"@type":"ImageObject","inLanguage":"fr-FR","@id":"https:\/\/intoaction.eu\/#\/schema\/logo\/image\/","url":"https:\/\/intoaction.eu\/wp-content\/uploads\/2020\/05\/IntoAction_symbol_fullcolor_HI-RES@2x.png","contentUrl":"https:\/\/intoaction.eu\/wp-content\/uploads\/2020\/05\/IntoAction_symbol_fullcolor_HI-RES@2x.png","width":496,"height":272,"caption":"Intoaction"},"image":{"@id":"https:\/\/intoaction.eu\/#\/schema\/logo\/image\/"},"sameAs":["https:\/\/www.facebook.com\/Intoaction-109437140878220","https:\/\/www.linkedin.com\/in\/c\u00e9line-brillet-68192\/"]}]}},"_links":{"self":[{"href":"https:\/\/intoaction.eu\/fr\/wp-json\/wp\/v2\/pages\/784","targetHints":{"allow":["GET"]}}],"collection":[{"href":"https:\/\/intoaction.eu\/fr\/wp-json\/wp\/v2\/pages"}],"about":[{"href":"https:\/\/intoaction.eu\/fr\/wp-json\/wp\/v2\/types\/page"}],"author":[{"embeddable":true,"href":"https:\/\/intoaction.eu\/fr\/wp-json\/wp\/v2\/users\/2"}],"replies":[{"embeddable":true,"href":"https:\/\/intoaction.eu\/fr\/wp-json\/wp\/v2\/comments?post=784"}],"version-history":[{"count":5,"href":"https:\/\/intoaction.eu\/fr\/wp-json\/wp\/v2\/pages\/784\/revisions"}],"predecessor-version":[{"id":1444,"href":"https:\/\/intoaction.eu\/fr\/wp-json\/wp\/v2\/pages\/784\/revisions\/1444"}],"wp:featuredmedia":[{"embeddable":true,"href":"https:\/\/intoaction.eu\/fr\/wp-json\/wp\/v2\/media\/786"}],"wp:attachment":[{"href":"https:\/\/intoaction.eu\/fr\/wp-json\/wp\/v2\/media?parent=784"}],"curies":[{"name":"wp","href":"https:\/\/api.w.org\/{rel}","templated":true}]}}