{"id":790,"date":"2020-05-25T09:22:34","date_gmt":"2020-05-25T09:22:34","guid":{"rendered":"https:\/\/intoaction.eu\/actions-we-are-into\/"},"modified":"2021-09-10T02:29:02","modified_gmt":"2021-09-10T02:29:02","slug":"autres-missions","status":"publish","type":"page","link":"https:\/\/intoaction.eu\/fr\/autres-missions\/","title":{"rendered":"Nos Autres Missions"},"content":{"rendered":"<h3>S\u00e9minaire &#8211; Retraite<\/h3>\n<p>intoaction propose des s\u00e9minaires sous la forme de retraites \u00e0 l\u2019\u00e9cart des distractions quotidiennes, pour les personnes d\u00e9sirant poursuivre leur d\u00e9veloppement.<\/p>\n<p>Nous offrons une parenth\u00e8se salutaire au cours de laquelle les participants sont amen\u00e9s \u00e0 se reconnecter \u00e0 eux-m\u00eames pour cr\u00e9er une vie personnelle et professionnelle plus en ad\u00e9quation avec leurs v\u00e9ritables aspirations.<\/p>\n<p>Dispens\u00e9es sur plusieurs jours, nos retraites offrent un cadre id\u00e9al, entour\u00e9 de nature, propice \u00e0 la r\u00e9flexion et \u00e0 la remise en question.<\/p>\n","protected":false},"excerpt":{"rendered":"<p>S\u00e9minaire &#8211; Retraite intoaction propose des s\u00e9minaires sous la forme de retraites \u00e0 l\u2019\u00e9cart des distractions quotidiennes, pour les personnes d\u00e9sirant poursuivre leur d\u00e9veloppement. Nous offrons une parenth\u00e8se salutaire au cours de laquelle les participants\u2026<\/p>\n","protected":false},"author":2,"featured_media":792,"parent":0,"menu_order":0,"comment_status":"closed","ping_status":"closed","template":"pge-worklife.php","meta":{"_acf_changed":false,"footnotes":""},"class_list":["post-790","page","type-page","status-publish","has-post-thumbnail","hentry"],"acf":[],"yoast_head":"<!-- This site is optimized with the Yoast SEO plugin v21.8.1 - https:\/\/yoast.com\/wordpress\/plugins\/seo\/ -->\n<title>Nos Autres Missions - Intoaction<\/title>\n<meta name=\"robots\" content=\"index, follow, max-snippet:-1, max-image-preview:large, max-video-preview:-1\" \/>\n<link rel=\"canonical\" href=\"https:\/\/intoaction.eu\/fr\/autres-missions\/\" \/>\n<meta property=\"og:locale\" content=\"fr_FR\" \/>\n<meta property=\"og:type\" content=\"article\" \/>\n<meta property=\"og:title\" content=\"Nos Autres Missions - Intoaction\" \/>\n<meta property=\"og:description\" content=\"S\u00e9minaire &#8211; Retraite intoaction propose des s\u00e9minaires sous la forme de retraites \u00e0 l\u2019\u00e9cart des distractions quotidiennes, pour les personnes d\u00e9sirant poursuivre leur d\u00e9veloppement. Nous offrons une parenth\u00e8se salutaire au cours de laquelle les participants\u2026\" \/>\n<meta property=\"og:url\" content=\"https:\/\/intoaction.eu\/fr\/autres-missions\/\" \/>\n<meta property=\"og:site_name\" content=\"Intoaction\" \/>\n<meta property=\"article:publisher\" content=\"https:\/\/www.facebook.com\/Intoaction-109437140878220\" \/>\n<meta property=\"article:modified_time\" content=\"2021-09-10T02:29:02+00:00\" \/>\n<meta property=\"og:image\" content=\"https:\/\/intoaction.eu\/wp-content\/uploads\/2020\/07\/actions-we-are-into.jpeg\" \/>\n\t<meta property=\"og:image:width\" content=\"1200\" \/>\n\t<meta property=\"og:image:height\" content=\"1500\" \/>\n\t<meta property=\"og:image:type\" content=\"image\/jpeg\" \/>\n<meta name=\"twitter:card\" content=\"summary_large_image\" \/>\n<script type=\"application\/ld+json\" class=\"yoast-schema-graph\">{\"@context\":\"https:\/\/schema.org\",\"@graph\":[{\"@type\":\"WebPage\",\"@id\":\"https:\/\/intoaction.eu\/fr\/autres-missions\/\",\"url\":\"https:\/\/intoaction.eu\/fr\/autres-missions\/\",\"name\":\"Nos Autres Missions - Intoaction\",\"isPartOf\":{\"@id\":\"https:\/\/intoaction.eu\/#website\"},\"datePublished\":\"2020-05-25T09:22:34+00:00\",\"dateModified\":\"2021-09-10T02:29:02+00:00\",\"breadcrumb\":{\"@id\":\"https:\/\/intoaction.eu\/fr\/autres-missions\/#breadcrumb\"},\"inLanguage\":\"fr-FR\",\"potentialAction\":[{\"@type\":\"ReadAction\",\"target\":[\"https:\/\/intoaction.eu\/fr\/autres-missions\/\"]}]},{\"@type\":\"BreadcrumbList\",\"@id\":\"https:\/\/intoaction.eu\/fr\/autres-missions\/#breadcrumb\",\"itemListElement\":[{\"@type\":\"ListItem\",\"position\":1,\"name\":\"Home\",\"item\":\"https:\/\/intoaction.eu\/fr\/\"},{\"@type\":\"ListItem\",\"position\":2,\"name\":\"Nos Autres Missions\"}]},{\"@type\":\"WebSite\",\"@id\":\"https:\/\/intoaction.eu\/#website\",\"url\":\"https:\/\/intoaction.eu\/\",\"name\":\"Intoaction\",\"description\":\"leadership and team coaching\",\"publisher\":{\"@id\":\"https:\/\/intoaction.eu\/#organization\"},\"potentialAction\":[{\"@type\":\"SearchAction\",\"target\":{\"@type\":\"EntryPoint\",\"urlTemplate\":\"https:\/\/intoaction.eu\/?s={search_term_string}\"},\"query-input\":\"required name=search_term_string\"}],\"inLanguage\":\"fr-FR\"},{\"@type\":\"Organization\",\"@id\":\"https:\/\/intoaction.eu\/#organization\",\"name\":\"Intoaction\",\"url\":\"https:\/\/intoaction.eu\/\",\"logo\":{\"@type\":\"ImageObject\",\"inLanguage\":\"fr-FR\",\"@id\":\"https:\/\/intoaction.eu\/#\/schema\/logo\/image\/\",\"url\":\"https:\/\/intoaction.eu\/wp-content\/uploads\/2020\/05\/IntoAction_symbol_fullcolor_HI-RES@2x.png\",\"contentUrl\":\"https:\/\/intoaction.eu\/wp-content\/uploads\/2020\/05\/IntoAction_symbol_fullcolor_HI-RES@2x.png\",\"width\":496,\"height\":272,\"caption\":\"Intoaction\"},\"image\":{\"@id\":\"https:\/\/intoaction.eu\/#\/schema\/logo\/image\/\"},\"sameAs\":[\"https:\/\/www.facebook.com\/Intoaction-109437140878220\",\"https:\/\/www.linkedin.com\/in\/c\u00e9line-brillet-68192\/\"]}]}<\/script>\n<!-- \/ Yoast SEO plugin. -->","yoast_head_json":{"title":"Nos Autres Missions - Intoaction","robots":{"index":"index","follow":"follow","max-snippet":"max-snippet:-1","max-image-preview":"max-image-preview:large","max-video-preview":"max-video-preview:-1"},"canonical":"https:\/\/intoaction.eu\/fr\/autres-missions\/","og_locale":"fr_FR","og_type":"article","og_title":"Nos Autres Missions - Intoaction","og_description":"S\u00e9minaire &#8211; Retraite intoaction propose des s\u00e9minaires sous la forme de retraites \u00e0 l\u2019\u00e9cart des distractions quotidiennes, pour les personnes d\u00e9sirant poursuivre leur d\u00e9veloppement. Nous offrons une parenth\u00e8se salutaire au cours de laquelle les participants\u2026","og_url":"https:\/\/intoaction.eu\/fr\/autres-missions\/","og_site_name":"Intoaction","article_publisher":"https:\/\/www.facebook.com\/Intoaction-109437140878220","article_modified_time":"2021-09-10T02:29:02+00:00","og_image":[{"width":1200,"height":1500,"url":"https:\/\/intoaction.eu\/wp-content\/uploads\/2020\/07\/actions-we-are-into.jpeg","type":"image\/jpeg"}],"twitter_card":"summary_large_image","schema":{"@context":"https:\/\/schema.org","@graph":[{"@type":"WebPage","@id":"https:\/\/intoaction.eu\/fr\/autres-missions\/","url":"https:\/\/intoaction.eu\/fr\/autres-missions\/","name":"Nos Autres Missions - Intoaction","isPartOf":{"@id":"https:\/\/intoaction.eu\/#website"},"datePublished":"2020-05-25T09:22:34+00:00","dateModified":"2021-09-10T02:29:02+00:00","breadcrumb":{"@id":"https:\/\/intoaction.eu\/fr\/autres-missions\/#breadcrumb"},"inLanguage":"fr-FR","potentialAction":[{"@type":"ReadAction","target":["https:\/\/intoaction.eu\/fr\/autres-missions\/"]}]},{"@type":"BreadcrumbList","@id":"https:\/\/intoaction.eu\/fr\/autres-missions\/#breadcrumb","itemListElement":[{"@type":"ListItem","position":1,"name":"Home","item":"https:\/\/intoaction.eu\/fr\/"},{"@type":"ListItem","position":2,"name":"Nos Autres Missions"}]},{"@type":"WebSite","@id":"https:\/\/intoaction.eu\/#website","url":"https:\/\/intoaction.eu\/","name":"Intoaction","description":"leadership and team coaching","publisher":{"@id":"https:\/\/intoaction.eu\/#organization"},"potentialAction":[{"@type":"SearchAction","target":{"@type":"EntryPoint","urlTemplate":"https:\/\/intoaction.eu\/?s={search_term_string}"},"query-input":"required name=search_term_string"}],"inLanguage":"fr-FR"},{"@type":"Organization","@id":"https:\/\/intoaction.eu\/#organization","name":"Intoaction","url":"https:\/\/intoaction.eu\/","logo":{"@type":"ImageObject","inLanguage":"fr-FR","@id":"https:\/\/intoaction.eu\/#\/schema\/logo\/image\/","url":"https:\/\/intoaction.eu\/wp-content\/uploads\/2020\/05\/IntoAction_symbol_fullcolor_HI-RES@2x.png","contentUrl":"https:\/\/intoaction.eu\/wp-content\/uploads\/2020\/05\/IntoAction_symbol_fullcolor_HI-RES@2x.png","width":496,"height":272,"caption":"Intoaction"},"image":{"@id":"https:\/\/intoaction.eu\/#\/schema\/logo\/image\/"},"sameAs":["https:\/\/www.facebook.com\/Intoaction-109437140878220","https:\/\/www.linkedin.com\/in\/c\u00e9line-brillet-68192\/"]}]}},"_links":{"self":[{"href":"https:\/\/intoaction.eu\/fr\/wp-json\/wp\/v2\/pages\/790","targetHints":{"allow":["GET"]}}],"collection":[{"href":"https:\/\/intoaction.eu\/fr\/wp-json\/wp\/v2\/pages"}],"about":[{"href":"https:\/\/intoaction.eu\/fr\/wp-json\/wp\/v2\/types\/page"}],"author":[{"embeddable":true,"href":"https:\/\/intoaction.eu\/fr\/wp-json\/wp\/v2\/users\/2"}],"replies":[{"embeddable":true,"href":"https:\/\/intoaction.eu\/fr\/wp-json\/wp\/v2\/comments?post=790"}],"version-history":[{"count":5,"href":"https:\/\/intoaction.eu\/fr\/wp-json\/wp\/v2\/pages\/790\/revisions"}],"predecessor-version":[{"id":1476,"href":"https:\/\/intoaction.eu\/fr\/wp-json\/wp\/v2\/pages\/790\/revisions\/1476"}],"wp:featuredmedia":[{"embeddable":true,"href":"https:\/\/intoaction.eu\/fr\/wp-json\/wp\/v2\/media\/792"}],"wp:attachment":[{"href":"https:\/\/intoaction.eu\/fr\/wp-json\/wp\/v2\/media?parent=790"}],"curies":[{"name":"wp","href":"https:\/\/api.w.org\/{rel}","templated":true}]}}