{"id":793,"date":"2020-05-25T07:22:38","date_gmt":"2020-05-25T07:22:38","guid":{"rendered":"https:\/\/intoaction.eu\/partnership\/"},"modified":"2021-07-07T14:32:08","modified_gmt":"2021-07-07T14:32:08","slug":"nous-co-creons-avec-vous","status":"publish","type":"page","link":"https:\/\/intoaction.eu\/fr\/nous-co-creons-avec-vous\/","title":{"rendered":"Nous co-cr\u00e9ons avec vous"},"content":{"rendered":"<p>Pour ce faire, ils savent qu\u2019il y a deux imp\u00e9ratifs : se sentir inspir\u00e9 par le changement et avoir le courage de changer soi-m\u00eame pour inspirer les autres. Ensemble, nous renfor\u00e7ons leur leadership ainsi que leur capacit\u00e9 \u00e0 inspirer les autres \u00e0 op\u00e9rer le changement. Notre approche engendre un r\u00e9sultat p\u00e9renne.<\/p>\n<p>Ce qui nous distingue est notre mani\u00e8re unique d\u2019\u00e9tablir une relation de confiance, dans tous nos modes d\u2019intervention, en pr\u00e9sentiel ou en ligne. Quel que soit le d\u00e9fi \u00e0 relever ou le sujet \u00e0 l\u2019ordre du jour, nous obtenons que toutes les personnes avec lesquelles nous travaillons arrivent \u00e0 s\u2019ouvrir et \u00e0 participer.<\/p>\n<p>En fonction de leur contexte actuel et des r\u00e9sultats recherch\u00e9s, nous aidons chaque individu \u00e0 prendre conscience de ce qui les freine et les motive v\u00e9ritablement, une r\u00e9v\u00e9lation pour beaucoup. Nous les aidons \u00e0 comprendre la mani\u00e8re dont leur \u00e9tat d\u2019esprit et leurs comportements associ\u00e9s impactent la performance. Ce qui doit changer devient alors \u00e9vident. Ils atteignent ainsi les r\u00e9sultats souhait\u00e9s tout en se sentant plus \u00e9panouis. \u00a0Notre approche permet \u00e0 chacun de se responsabiliser et d\u2019\u00eatre en capacit\u00e9 de devenir acteur de leur r\u00e9ussite<\/p>\n<p>&nbsp;<\/p>\n<h2 class=\"mb-50\">NOS VALEURS<\/h2>\n","protected":false},"excerpt":{"rendered":"<p>Pour ce faire, ils savent qu\u2019il y a deux imp\u00e9ratifs : se sentir inspir\u00e9 par le changement et avoir le courage de changer soi-m\u00eame pour inspirer les autres. Ensemble, nous renfor\u00e7ons leur leadership ainsi que\u2026<\/p>\n","protected":false},"author":2,"featured_media":794,"parent":0,"menu_order":0,"comment_status":"closed","ping_status":"closed","template":"pge-leadership.php","meta":{"_acf_changed":false,"footnotes":""},"class_list":["post-793","page","type-page","status-publish","has-post-thumbnail","hentry"],"acf":[],"yoast_head":"<!-- This site is optimized with the Yoast SEO plugin v21.8.1 - https:\/\/yoast.com\/wordpress\/plugins\/seo\/ -->\n<title>Nous co-cr\u00e9ons avec vous - Intoaction<\/title>\n<meta name=\"robots\" content=\"index, follow, max-snippet:-1, max-image-preview:large, max-video-preview:-1\" \/>\n<link rel=\"canonical\" href=\"https:\/\/intoaction.eu\/fr\/nous-co-creons-avec-vous\/\" \/>\n<meta property=\"og:locale\" content=\"fr_FR\" \/>\n<meta property=\"og:type\" content=\"article\" \/>\n<meta property=\"og:title\" content=\"Nous co-cr\u00e9ons avec vous - Intoaction\" \/>\n<meta property=\"og:description\" content=\"Pour ce faire, ils savent qu\u2019il y a deux imp\u00e9ratifs : se sentir inspir\u00e9 par le changement et avoir le courage de changer soi-m\u00eame pour inspirer les autres. Ensemble, nous renfor\u00e7ons leur leadership ainsi que\u2026\" \/>\n<meta property=\"og:url\" content=\"https:\/\/intoaction.eu\/fr\/nous-co-creons-avec-vous\/\" \/>\n<meta property=\"og:site_name\" content=\"Intoaction\" \/>\n<meta property=\"article:publisher\" content=\"https:\/\/www.facebook.com\/Intoaction-109437140878220\" \/>\n<meta property=\"article:modified_time\" content=\"2021-07-07T14:32:08+00:00\" \/>\n<meta property=\"og:image\" content=\"https:\/\/intoaction.eu\/wp-content\/uploads\/2020\/07\/partnership-1.jpg\" \/>\n\t<meta property=\"og:image:width\" content=\"1000\" \/>\n\t<meta property=\"og:image:height\" content=\"1384\" \/>\n\t<meta property=\"og:image:type\" content=\"image\/jpeg\" \/>\n<meta name=\"twitter:card\" content=\"summary_large_image\" \/>\n<meta name=\"twitter:label1\" content=\"Dur\u00e9e de lecture estim\u00e9e\" \/>\n\t<meta name=\"twitter:data1\" content=\"1 minute\" \/>\n<script type=\"application\/ld+json\" class=\"yoast-schema-graph\">{\"@context\":\"https:\/\/schema.org\",\"@graph\":[{\"@type\":\"WebPage\",\"@id\":\"https:\/\/intoaction.eu\/fr\/nous-co-creons-avec-vous\/\",\"url\":\"https:\/\/intoaction.eu\/fr\/nous-co-creons-avec-vous\/\",\"name\":\"Nous co-cr\u00e9ons avec vous - Intoaction\",\"isPartOf\":{\"@id\":\"https:\/\/intoaction.eu\/#website\"},\"datePublished\":\"2020-05-25T07:22:38+00:00\",\"dateModified\":\"2021-07-07T14:32:08+00:00\",\"breadcrumb\":{\"@id\":\"https:\/\/intoaction.eu\/fr\/nous-co-creons-avec-vous\/#breadcrumb\"},\"inLanguage\":\"fr-FR\",\"potentialAction\":[{\"@type\":\"ReadAction\",\"target\":[\"https:\/\/intoaction.eu\/fr\/nous-co-creons-avec-vous\/\"]}]},{\"@type\":\"BreadcrumbList\",\"@id\":\"https:\/\/intoaction.eu\/fr\/nous-co-creons-avec-vous\/#breadcrumb\",\"itemListElement\":[{\"@type\":\"ListItem\",\"position\":1,\"name\":\"Home\",\"item\":\"https:\/\/intoaction.eu\/fr\/\"},{\"@type\":\"ListItem\",\"position\":2,\"name\":\"Nous co-cr\u00e9ons avec vous\"}]},{\"@type\":\"WebSite\",\"@id\":\"https:\/\/intoaction.eu\/#website\",\"url\":\"https:\/\/intoaction.eu\/\",\"name\":\"Intoaction\",\"description\":\"leadership and team coaching\",\"publisher\":{\"@id\":\"https:\/\/intoaction.eu\/#organization\"},\"potentialAction\":[{\"@type\":\"SearchAction\",\"target\":{\"@type\":\"EntryPoint\",\"urlTemplate\":\"https:\/\/intoaction.eu\/?s={search_term_string}\"},\"query-input\":\"required name=search_term_string\"}],\"inLanguage\":\"fr-FR\"},{\"@type\":\"Organization\",\"@id\":\"https:\/\/intoaction.eu\/#organization\",\"name\":\"Intoaction\",\"url\":\"https:\/\/intoaction.eu\/\",\"logo\":{\"@type\":\"ImageObject\",\"inLanguage\":\"fr-FR\",\"@id\":\"https:\/\/intoaction.eu\/#\/schema\/logo\/image\/\",\"url\":\"https:\/\/intoaction.eu\/wp-content\/uploads\/2020\/05\/IntoAction_symbol_fullcolor_HI-RES@2x.png\",\"contentUrl\":\"https:\/\/intoaction.eu\/wp-content\/uploads\/2020\/05\/IntoAction_symbol_fullcolor_HI-RES@2x.png\",\"width\":496,\"height\":272,\"caption\":\"Intoaction\"},\"image\":{\"@id\":\"https:\/\/intoaction.eu\/#\/schema\/logo\/image\/\"},\"sameAs\":[\"https:\/\/www.facebook.com\/Intoaction-109437140878220\",\"https:\/\/www.linkedin.com\/in\/c\u00e9line-brillet-68192\/\"]}]}<\/script>\n<!-- \/ Yoast SEO plugin. -->","yoast_head_json":{"title":"Nous co-cr\u00e9ons avec vous - Intoaction","robots":{"index":"index","follow":"follow","max-snippet":"max-snippet:-1","max-image-preview":"max-image-preview:large","max-video-preview":"max-video-preview:-1"},"canonical":"https:\/\/intoaction.eu\/fr\/nous-co-creons-avec-vous\/","og_locale":"fr_FR","og_type":"article","og_title":"Nous co-cr\u00e9ons avec vous - Intoaction","og_description":"Pour ce faire, ils savent qu\u2019il y a deux imp\u00e9ratifs : se sentir inspir\u00e9 par le changement et avoir le courage de changer soi-m\u00eame pour inspirer les autres. Ensemble, nous renfor\u00e7ons leur leadership ainsi que\u2026","og_url":"https:\/\/intoaction.eu\/fr\/nous-co-creons-avec-vous\/","og_site_name":"Intoaction","article_publisher":"https:\/\/www.facebook.com\/Intoaction-109437140878220","article_modified_time":"2021-07-07T14:32:08+00:00","og_image":[{"width":1000,"height":1384,"url":"https:\/\/intoaction.eu\/wp-content\/uploads\/2020\/07\/partnership-1.jpg","type":"image\/jpeg"}],"twitter_card":"summary_large_image","twitter_misc":{"Dur\u00e9e de lecture estim\u00e9e":"1 minute"},"schema":{"@context":"https:\/\/schema.org","@graph":[{"@type":"WebPage","@id":"https:\/\/intoaction.eu\/fr\/nous-co-creons-avec-vous\/","url":"https:\/\/intoaction.eu\/fr\/nous-co-creons-avec-vous\/","name":"Nous co-cr\u00e9ons avec vous - Intoaction","isPartOf":{"@id":"https:\/\/intoaction.eu\/#website"},"datePublished":"2020-05-25T07:22:38+00:00","dateModified":"2021-07-07T14:32:08+00:00","breadcrumb":{"@id":"https:\/\/intoaction.eu\/fr\/nous-co-creons-avec-vous\/#breadcrumb"},"inLanguage":"fr-FR","potentialAction":[{"@type":"ReadAction","target":["https:\/\/intoaction.eu\/fr\/nous-co-creons-avec-vous\/"]}]},{"@type":"BreadcrumbList","@id":"https:\/\/intoaction.eu\/fr\/nous-co-creons-avec-vous\/#breadcrumb","itemListElement":[{"@type":"ListItem","position":1,"name":"Home","item":"https:\/\/intoaction.eu\/fr\/"},{"@type":"ListItem","position":2,"name":"Nous co-cr\u00e9ons avec vous"}]},{"@type":"WebSite","@id":"https:\/\/intoaction.eu\/#website","url":"https:\/\/intoaction.eu\/","name":"Intoaction","description":"leadership and team coaching","publisher":{"@id":"https:\/\/intoaction.eu\/#organization"},"potentialAction":[{"@type":"SearchAction","target":{"@type":"EntryPoint","urlTemplate":"https:\/\/intoaction.eu\/?s={search_term_string}"},"query-input":"required name=search_term_string"}],"inLanguage":"fr-FR"},{"@type":"Organization","@id":"https:\/\/intoaction.eu\/#organization","name":"Intoaction","url":"https:\/\/intoaction.eu\/","logo":{"@type":"ImageObject","inLanguage":"fr-FR","@id":"https:\/\/intoaction.eu\/#\/schema\/logo\/image\/","url":"https:\/\/intoaction.eu\/wp-content\/uploads\/2020\/05\/IntoAction_symbol_fullcolor_HI-RES@2x.png","contentUrl":"https:\/\/intoaction.eu\/wp-content\/uploads\/2020\/05\/IntoAction_symbol_fullcolor_HI-RES@2x.png","width":496,"height":272,"caption":"Intoaction"},"image":{"@id":"https:\/\/intoaction.eu\/#\/schema\/logo\/image\/"},"sameAs":["https:\/\/www.facebook.com\/Intoaction-109437140878220","https:\/\/www.linkedin.com\/in\/c\u00e9line-brillet-68192\/"]}]}},"_links":{"self":[{"href":"https:\/\/intoaction.eu\/fr\/wp-json\/wp\/v2\/pages\/793","targetHints":{"allow":["GET"]}}],"collection":[{"href":"https:\/\/intoaction.eu\/fr\/wp-json\/wp\/v2\/pages"}],"about":[{"href":"https:\/\/intoaction.eu\/fr\/wp-json\/wp\/v2\/types\/page"}],"author":[{"embeddable":true,"href":"https:\/\/intoaction.eu\/fr\/wp-json\/wp\/v2\/users\/2"}],"replies":[{"embeddable":true,"href":"https:\/\/intoaction.eu\/fr\/wp-json\/wp\/v2\/comments?post=793"}],"version-history":[{"count":5,"href":"https:\/\/intoaction.eu\/fr\/wp-json\/wp\/v2\/pages\/793\/revisions"}],"predecessor-version":[{"id":1442,"href":"https:\/\/intoaction.eu\/fr\/wp-json\/wp\/v2\/pages\/793\/revisions\/1442"}],"wp:featuredmedia":[{"embeddable":true,"href":"https:\/\/intoaction.eu\/fr\/wp-json\/wp\/v2\/media\/794"}],"wp:attachment":[{"href":"https:\/\/intoaction.eu\/fr\/wp-json\/wp\/v2\/media?parent=793"}],"curies":[{"name":"wp","href":"https:\/\/api.w.org\/{rel}","templated":true}]}}