{"id":795,"date":"2020-05-25T07:11:14","date_gmt":"2020-05-25T07:11:14","guid":{"rendered":"https:\/\/intoaction.eu\/leadership-coaching\/"},"modified":"2021-07-07T14:31:02","modified_gmt":"2021-07-07T14:31:02","slug":"leadership-coaching","status":"publish","type":"page","link":"https:\/\/intoaction.eu\/fr\/leadership-coaching\/","title":{"rendered":"Leadership coaching"},"content":{"rendered":"<p>La formation est utile mais elle a ses limites. Savoir capitaliser sur vos qualit\u00e9s vous apportera toujours beaucoup plus de satisfaction et une plus grande capacit\u00e9 \u00e0 atteindre syst\u00e9matiquement vos objectifs.<\/p>\n<p>Nous travaillons avec les leaders en face \u00e0 face ou \u00e0 distance. Nous avons une tr\u00e8s grande exp\u00e9rience du coaching en ligne. Quel que soit le mode retenu, notre coaching aura toujours l\u2019impact recherch\u00e9.<\/p>\n<p>Chez intoaction, notre credo c\u2019est l\u2019humain et son potentiel. Nous avons une foi absolu dans l\u2019homme, surtout lorsqu\u2019il se connecte \u00e0 lui-m\u00eame et \u00e0 ses convictions profondes. Il peut alors voir le champ des possibles et trouver toutes les r\u00e9ponses qu\u2019il cherche.<\/p>\n<h2 class=\"mb-50\">Ce que nous vous apportons:<\/h2>\n","protected":false},"excerpt":{"rendered":"<p>La formation est utile mais elle a ses limites. Savoir capitaliser sur vos qualit\u00e9s vous apportera toujours beaucoup plus de satisfaction et une plus grande capacit\u00e9 \u00e0 atteindre syst\u00e9matiquement vos objectifs. Nous travaillons avec les\u2026<\/p>\n","protected":false},"author":2,"featured_media":797,"parent":0,"menu_order":0,"comment_status":"closed","ping_status":"closed","template":"pge-leadership.php","meta":{"_acf_changed":false,"footnotes":""},"class_list":["post-795","page","type-page","status-publish","has-post-thumbnail","hentry"],"acf":[],"yoast_head":"<!-- This site is optimized with the Yoast SEO plugin v21.8.1 - https:\/\/yoast.com\/wordpress\/plugins\/seo\/ -->\n<title>Leadership coaching - Intoaction<\/title>\n<meta name=\"robots\" content=\"index, follow, max-snippet:-1, max-image-preview:large, max-video-preview:-1\" \/>\n<link rel=\"canonical\" href=\"https:\/\/intoaction.eu\/fr\/leadership-coaching\/\" \/>\n<meta property=\"og:locale\" content=\"fr_FR\" \/>\n<meta property=\"og:type\" content=\"article\" \/>\n<meta property=\"og:title\" content=\"Leadership coaching - Intoaction\" \/>\n<meta property=\"og:description\" content=\"La formation est utile mais elle a ses limites. Savoir capitaliser sur vos qualit\u00e9s vous apportera toujours beaucoup plus de satisfaction et une plus grande capacit\u00e9 \u00e0 atteindre syst\u00e9matiquement vos objectifs. Nous travaillons avec les\u2026\" \/>\n<meta property=\"og:url\" content=\"https:\/\/intoaction.eu\/fr\/leadership-coaching\/\" \/>\n<meta property=\"og:site_name\" content=\"Intoaction\" \/>\n<meta property=\"article:publisher\" content=\"https:\/\/www.facebook.com\/Intoaction-109437140878220\" \/>\n<meta property=\"article:modified_time\" content=\"2021-07-07T14:31:02+00:00\" \/>\n<meta property=\"og:image\" content=\"https:\/\/intoaction.eu\/wp-content\/uploads\/2020\/07\/Leadership-Coaching-Main-JY-1.jpg\" \/>\n\t<meta property=\"og:image:width\" content=\"1699\" \/>\n\t<meta property=\"og:image:height\" content=\"1854\" \/>\n\t<meta property=\"og:image:type\" content=\"image\/jpeg\" \/>\n<meta name=\"twitter:card\" content=\"summary_large_image\" \/>\n<meta name=\"twitter:label1\" content=\"Dur\u00e9e de lecture estim\u00e9e\" \/>\n\t<meta name=\"twitter:data1\" content=\"1 minute\" \/>\n<script type=\"application\/ld+json\" class=\"yoast-schema-graph\">{\"@context\":\"https:\/\/schema.org\",\"@graph\":[{\"@type\":\"WebPage\",\"@id\":\"https:\/\/intoaction.eu\/fr\/leadership-coaching\/\",\"url\":\"https:\/\/intoaction.eu\/fr\/leadership-coaching\/\",\"name\":\"Leadership coaching - Intoaction\",\"isPartOf\":{\"@id\":\"https:\/\/intoaction.eu\/#website\"},\"datePublished\":\"2020-05-25T07:11:14+00:00\",\"dateModified\":\"2021-07-07T14:31:02+00:00\",\"breadcrumb\":{\"@id\":\"https:\/\/intoaction.eu\/fr\/leadership-coaching\/#breadcrumb\"},\"inLanguage\":\"fr-FR\",\"potentialAction\":[{\"@type\":\"ReadAction\",\"target\":[\"https:\/\/intoaction.eu\/fr\/leadership-coaching\/\"]}]},{\"@type\":\"BreadcrumbList\",\"@id\":\"https:\/\/intoaction.eu\/fr\/leadership-coaching\/#breadcrumb\",\"itemListElement\":[{\"@type\":\"ListItem\",\"position\":1,\"name\":\"Home\",\"item\":\"https:\/\/intoaction.eu\/fr\/\"},{\"@type\":\"ListItem\",\"position\":2,\"name\":\"Leadership coaching\"}]},{\"@type\":\"WebSite\",\"@id\":\"https:\/\/intoaction.eu\/#website\",\"url\":\"https:\/\/intoaction.eu\/\",\"name\":\"Intoaction\",\"description\":\"leadership and team coaching\",\"publisher\":{\"@id\":\"https:\/\/intoaction.eu\/#organization\"},\"potentialAction\":[{\"@type\":\"SearchAction\",\"target\":{\"@type\":\"EntryPoint\",\"urlTemplate\":\"https:\/\/intoaction.eu\/?s={search_term_string}\"},\"query-input\":\"required name=search_term_string\"}],\"inLanguage\":\"fr-FR\"},{\"@type\":\"Organization\",\"@id\":\"https:\/\/intoaction.eu\/#organization\",\"name\":\"Intoaction\",\"url\":\"https:\/\/intoaction.eu\/\",\"logo\":{\"@type\":\"ImageObject\",\"inLanguage\":\"fr-FR\",\"@id\":\"https:\/\/intoaction.eu\/#\/schema\/logo\/image\/\",\"url\":\"https:\/\/intoaction.eu\/wp-content\/uploads\/2020\/05\/IntoAction_symbol_fullcolor_HI-RES@2x.png\",\"contentUrl\":\"https:\/\/intoaction.eu\/wp-content\/uploads\/2020\/05\/IntoAction_symbol_fullcolor_HI-RES@2x.png\",\"width\":496,\"height\":272,\"caption\":\"Intoaction\"},\"image\":{\"@id\":\"https:\/\/intoaction.eu\/#\/schema\/logo\/image\/\"},\"sameAs\":[\"https:\/\/www.facebook.com\/Intoaction-109437140878220\",\"https:\/\/www.linkedin.com\/in\/c\u00e9line-brillet-68192\/\"]}]}<\/script>\n<!-- \/ Yoast SEO plugin. -->","yoast_head_json":{"title":"Leadership coaching - Intoaction","robots":{"index":"index","follow":"follow","max-snippet":"max-snippet:-1","max-image-preview":"max-image-preview:large","max-video-preview":"max-video-preview:-1"},"canonical":"https:\/\/intoaction.eu\/fr\/leadership-coaching\/","og_locale":"fr_FR","og_type":"article","og_title":"Leadership coaching - Intoaction","og_description":"La formation est utile mais elle a ses limites. Savoir capitaliser sur vos qualit\u00e9s vous apportera toujours beaucoup plus de satisfaction et une plus grande capacit\u00e9 \u00e0 atteindre syst\u00e9matiquement vos objectifs. Nous travaillons avec les\u2026","og_url":"https:\/\/intoaction.eu\/fr\/leadership-coaching\/","og_site_name":"Intoaction","article_publisher":"https:\/\/www.facebook.com\/Intoaction-109437140878220","article_modified_time":"2021-07-07T14:31:02+00:00","og_image":[{"width":1699,"height":1854,"url":"https:\/\/intoaction.eu\/wp-content\/uploads\/2020\/07\/Leadership-Coaching-Main-JY-1.jpg","type":"image\/jpeg"}],"twitter_card":"summary_large_image","twitter_misc":{"Dur\u00e9e de lecture estim\u00e9e":"1 minute"},"schema":{"@context":"https:\/\/schema.org","@graph":[{"@type":"WebPage","@id":"https:\/\/intoaction.eu\/fr\/leadership-coaching\/","url":"https:\/\/intoaction.eu\/fr\/leadership-coaching\/","name":"Leadership coaching - Intoaction","isPartOf":{"@id":"https:\/\/intoaction.eu\/#website"},"datePublished":"2020-05-25T07:11:14+00:00","dateModified":"2021-07-07T14:31:02+00:00","breadcrumb":{"@id":"https:\/\/intoaction.eu\/fr\/leadership-coaching\/#breadcrumb"},"inLanguage":"fr-FR","potentialAction":[{"@type":"ReadAction","target":["https:\/\/intoaction.eu\/fr\/leadership-coaching\/"]}]},{"@type":"BreadcrumbList","@id":"https:\/\/intoaction.eu\/fr\/leadership-coaching\/#breadcrumb","itemListElement":[{"@type":"ListItem","position":1,"name":"Home","item":"https:\/\/intoaction.eu\/fr\/"},{"@type":"ListItem","position":2,"name":"Leadership coaching"}]},{"@type":"WebSite","@id":"https:\/\/intoaction.eu\/#website","url":"https:\/\/intoaction.eu\/","name":"Intoaction","description":"leadership and team coaching","publisher":{"@id":"https:\/\/intoaction.eu\/#organization"},"potentialAction":[{"@type":"SearchAction","target":{"@type":"EntryPoint","urlTemplate":"https:\/\/intoaction.eu\/?s={search_term_string}"},"query-input":"required name=search_term_string"}],"inLanguage":"fr-FR"},{"@type":"Organization","@id":"https:\/\/intoaction.eu\/#organization","name":"Intoaction","url":"https:\/\/intoaction.eu\/","logo":{"@type":"ImageObject","inLanguage":"fr-FR","@id":"https:\/\/intoaction.eu\/#\/schema\/logo\/image\/","url":"https:\/\/intoaction.eu\/wp-content\/uploads\/2020\/05\/IntoAction_symbol_fullcolor_HI-RES@2x.png","contentUrl":"https:\/\/intoaction.eu\/wp-content\/uploads\/2020\/05\/IntoAction_symbol_fullcolor_HI-RES@2x.png","width":496,"height":272,"caption":"Intoaction"},"image":{"@id":"https:\/\/intoaction.eu\/#\/schema\/logo\/image\/"},"sameAs":["https:\/\/www.facebook.com\/Intoaction-109437140878220","https:\/\/www.linkedin.com\/in\/c\u00e9line-brillet-68192\/"]}]}},"_links":{"self":[{"href":"https:\/\/intoaction.eu\/fr\/wp-json\/wp\/v2\/pages\/795","targetHints":{"allow":["GET"]}}],"collection":[{"href":"https:\/\/intoaction.eu\/fr\/wp-json\/wp\/v2\/pages"}],"about":[{"href":"https:\/\/intoaction.eu\/fr\/wp-json\/wp\/v2\/types\/page"}],"author":[{"embeddable":true,"href":"https:\/\/intoaction.eu\/fr\/wp-json\/wp\/v2\/users\/2"}],"replies":[{"embeddable":true,"href":"https:\/\/intoaction.eu\/fr\/wp-json\/wp\/v2\/comments?post=795"}],"version-history":[{"count":5,"href":"https:\/\/intoaction.eu\/fr\/wp-json\/wp\/v2\/pages\/795\/revisions"}],"predecessor-version":[{"id":1441,"href":"https:\/\/intoaction.eu\/fr\/wp-json\/wp\/v2\/pages\/795\/revisions\/1441"}],"wp:featuredmedia":[{"embeddable":true,"href":"https:\/\/intoaction.eu\/fr\/wp-json\/wp\/v2\/media\/797"}],"wp:attachment":[{"href":"https:\/\/intoaction.eu\/fr\/wp-json\/wp\/v2\/media?parent=795"}],"curies":[{"name":"wp","href":"https:\/\/api.w.org\/{rel}","templated":true}]}}